{"id":226,"date":"2020-10-05T16:16:33","date_gmt":"2020-10-05T14:16:33","guid":{"rendered":"http:\/\/summum-chiropratique.fr\/?page_id=226"},"modified":"2023-11-29T12:43:30","modified_gmt":"2023-11-29T11:43:30","slug":"faq","status":"publish","type":"page","link":"https:\/\/summum-chiropratique.fr\/?page_id=226","title":{"rendered":"FAQ"},"content":{"rendered":"\t\t<div data-elementor-type=\"wp-page\" data-elementor-id=\"226\" class=\"elementor elementor-226\" data-elementor-settings=\"[]\">\n\t\t\t\t\t\t<div class=\"elementor-inner\">\n\t\t\t\t\t\t\t<div class=\"elementor-section-wrap\">\n\t\t\t\t\t\t\t<section class=\"elementor-section elementor-top-section elementor-element elementor-element-3f806ffb elementor-section-full_width elementor-section-stretched elementor-section-height-default elementor-section-height-default\" data-id=\"3f806ffb\" data-element_type=\"section\" data-settings=\"{&quot;stretch_section&quot;:&quot;section-stretched&quot;}\">\n\t\t\t\t\t\t<div class=\"elementor-container elementor-column-gap-no\">\n\t\t\t\t\t\t\t<div class=\"elementor-row\">\n\t\t\t\t\t<div class=\"elementor-column elementor-col-100 elementor-top-column elementor-element elementor-element-78a5f4c9\" data-id=\"78a5f4c9\" data-element_type=\"column\">\n\t\t\t<div class=\"elementor-column-wrap elementor-element-populated\">\n\t\t\t\t\t\t\t<div class=\"elementor-widget-wrap\">\n\t\t\t\t\t\t<div class=\"elementor-element elementor-element-495d47f3 elementor-widget elementor-widget-heading\" data-id=\"495d47f3\" data-element_type=\"widget\" data-widget_type=\"heading.default\">\n\t\t\t\t<div class=\"elementor-widget-container\">\n\t\t\t<h4 class=\"elementor-heading-title elementor-size-default\">FAQ<\/h4>\t\t<\/div>\n\t\t\t\t<\/div>\n\t\t\t\t<div class=\"elementor-element elementor-element-2085f7d elementor-widget elementor-widget-heading\" data-id=\"2085f7d\" data-element_type=\"widget\" data-widget_type=\"heading.default\">\n\t\t\t\t<div class=\"elementor-widget-container\">\n\t\t\t<h5 class=\"elementor-heading-title elementor-size-default\">Les questions que vous nous posez le plus<\/h5>\t\t<\/div>\n\t\t\t\t<\/div>\n\t\t\t\t<div class=\"elementor-element elementor-element-52783e81 elementor-widget elementor-widget-toggle\" data-id=\"52783e81\" data-element_type=\"widget\" data-widget_type=\"toggle.default\">\n\t\t\t\t<div class=\"elementor-widget-container\">\n\t\t\t\t\t<div class=\"elementor-toggle\" role=\"tablist\">\n\t\t\t\t\t\t\t<div class=\"elementor-toggle-item\">\n\t\t\t\t\t<div id=\"elementor-tab-title-1381\" class=\"elementor-tab-title\" data-tab=\"1\" role=\"tab\" aria-controls=\"elementor-tab-content-1381\">\n\t\t\t\t\t\t\t\t\t\t\t\t<span class=\"elementor-toggle-icon elementor-toggle-icon-right\" aria-hidden=\"true\">\n\t\t\t\t\t\t\t\t\t\t\t\t\t\t\t<span class=\"elementor-toggle-icon-closed\"><i class=\"fas fa-caret-right\"><\/i><\/span>\n\t\t\t\t\t\t\t\t<span class=\"elementor-toggle-icon-opened\"><i class=\"elementor-toggle-icon-opened fas fa-caret-up\"><\/i><\/span>\n\t\t\t\t\t\t\t\t\t\t\t\t\t<\/span>\n\t\t\t\t\t\t\t\t\t\t\t\t<a href=\"\" class=\"elementor-toggle-title\">Comment savoir si la chiropratique est faite pour moi ?<\/a>\n\t\t\t\t\t<\/div>\n\t\t\t\t\t<div id=\"elementor-tab-content-1381\" class=\"elementor-tab-content elementor-clearfix\" data-tab=\"1\" role=\"tabpanel\" aria-labelledby=\"elementor-tab-title-1381\"><p>Nous sommes conscient qu\u2019il existe aujourd\u2019hui un flou sur les diff\u00e9rentes professions de sant\u00e9, c\u2019est pour cela que nous serions ravie de vous r\u00e9server un temps par t\u00e9l\u00e9phone afin de r\u00e9pondre \u00e0 vos questions et comprendre vos objectifs. \u00c0 l\u2019issue de cet appel nous vous dirons si nous sommes en mesure de vous aider. N&rsquo;h\u00e9sitez plus, appelez-nous au <b>06 72 90 33 76<\/b><\/p><\/div>\n\t\t\t\t<\/div>\n\t\t\t\t\t\t\t<div class=\"elementor-toggle-item\">\n\t\t\t\t\t<div id=\"elementor-tab-title-1382\" class=\"elementor-tab-title\" data-tab=\"2\" role=\"tab\" aria-controls=\"elementor-tab-content-1382\">\n\t\t\t\t\t\t\t\t\t\t\t\t<span class=\"elementor-toggle-icon elementor-toggle-icon-right\" aria-hidden=\"true\">\n\t\t\t\t\t\t\t\t\t\t\t\t\t\t\t<span class=\"elementor-toggle-icon-closed\"><i class=\"fas fa-caret-right\"><\/i><\/span>\n\t\t\t\t\t\t\t\t<span class=\"elementor-toggle-icon-opened\"><i class=\"elementor-toggle-icon-opened fas fa-caret-up\"><\/i><\/span>\n\t\t\t\t\t\t\t\t\t\t\t\t\t<\/span>\n\t\t\t\t\t\t\t\t\t\t\t\t<a href=\"\" class=\"elementor-toggle-title\">Statut de la chiropraxie en France<\/a>\n\t\t\t\t\t<\/div>\n\t\t\t\t\t<div id=\"elementor-tab-content-1382\" class=\"elementor-tab-content elementor-clearfix\" data-tab=\"2\" role=\"tabpanel\" aria-labelledby=\"elementor-tab-title-1382\"><p>La profession a \u00e9t\u00e9 l\u00e9galis\u00e9e en 2002 puis encadr\u00e9e et r\u00e9glement\u00e9e d\u00e8s 2011 par des textes approuv\u00e9s tant par la Haute Autorit\u00e9 de Sant\u00e9 (HAS), le Conseil National de l&rsquo;Ordre des M\u00e9decins (CNOM) et le Haut Conseil de la Sant\u00e9 Publique (HCSP).<\/p><\/div>\n\t\t\t\t<\/div>\n\t\t\t\t\t\t\t<div class=\"elementor-toggle-item\">\n\t\t\t\t\t<div id=\"elementor-tab-title-1383\" class=\"elementor-tab-title\" data-tab=\"3\" role=\"tab\" aria-controls=\"elementor-tab-content-1383\">\n\t\t\t\t\t\t\t\t\t\t\t\t<span class=\"elementor-toggle-icon elementor-toggle-icon-right\" aria-hidden=\"true\">\n\t\t\t\t\t\t\t\t\t\t\t\t\t\t\t<span class=\"elementor-toggle-icon-closed\"><i class=\"fas fa-caret-right\"><\/i><\/span>\n\t\t\t\t\t\t\t\t<span class=\"elementor-toggle-icon-opened\"><i class=\"elementor-toggle-icon-opened fas fa-caret-up\"><\/i><\/span>\n\t\t\t\t\t\t\t\t\t\t\t\t\t<\/span>\n\t\t\t\t\t\t\t\t\t\t\t\t<a href=\"\" class=\"elementor-toggle-title\">Remboursement des soins chiropratiques<\/a>\n\t\t\t\t\t<\/div>\n\t\t\t\t\t<div id=\"elementor-tab-content-1383\" class=\"elementor-tab-content elementor-clearfix\" data-tab=\"3\" role=\"tabpanel\" aria-labelledby=\"elementor-tab-title-1383\"><p>La pr\u00e9vention est de plus en plus mise en avant dans le syst\u00e8me de soins Fran\u00e7ais, et la chiropraxie fait partie des strat\u00e9gies reconnues pour am\u00e9liorer sa sant\u00e9. C\u2019est pour cela qu\u2019un nombre croissant de mutuelles remboursent partiellement voir totalement les soins chiropratiques. N\u2019h\u00e9sitez pas \u00e0 vous renseignez aupr\u00e8s d\u2019eux.<\/p><\/div>\n\t\t\t\t<\/div>\n\t\t\t\t\t\t\t<div class=\"elementor-toggle-item\">\n\t\t\t\t\t<div id=\"elementor-tab-title-1384\" class=\"elementor-tab-title\" data-tab=\"4\" role=\"tab\" aria-controls=\"elementor-tab-content-1384\">\n\t\t\t\t\t\t\t\t\t\t\t\t<span class=\"elementor-toggle-icon elementor-toggle-icon-right\" aria-hidden=\"true\">\n\t\t\t\t\t\t\t\t\t\t\t\t\t\t\t<span class=\"elementor-toggle-icon-closed\"><i class=\"fas fa-caret-right\"><\/i><\/span>\n\t\t\t\t\t\t\t\t<span class=\"elementor-toggle-icon-opened\"><i class=\"elementor-toggle-icon-opened fas fa-caret-up\"><\/i><\/span>\n\t\t\t\t\t\t\t\t\t\t\t\t\t<\/span>\n\t\t\t\t\t\t\t\t\t\t\t\t<a href=\"\" class=\"elementor-toggle-title\">Kin\u00e9 ou Chiro ?<\/a>\n\t\t\t\t\t<\/div>\n\t\t\t\t\t<div id=\"elementor-tab-content-1384\" class=\"elementor-tab-content elementor-clearfix\" data-tab=\"4\" role=\"tabpanel\" aria-labelledby=\"elementor-tab-title-1384\"><p>Le kin\u00e9sith\u00e9rapeute travaille particuli\u00e8rement le syst\u00e8me musculaire en pratiquant des massages et des exercices de r\u00e9habilitation. Votre chiropracteur travaille sur le syst\u00e8me nerveux afin de redonner une bonne mobilit\u00e9 articulaire, activer et renforcer les muscles posturaux et r\u00e9tablir un bon contr\u00f4le moteur en utilisant la th\u00e9rapie manuelle. <br \/>Les \u00e9tudes scientifiques sont de plus en plus nombreuses \u00e0 prouver que l\u2019association entre des exercices de r\u00e9habilitation (renforcement musculaire) et la th\u00e9rapie manuelle (chiropraxie) r\u00e9pond le plus efficacement sur les douleurs chroniques et leurs cons\u00e9quences. En revanche, la r\u00e9habilitation seule a de moins bons r\u00e9sultats. Nous pensons donc fortement que la chiropraxie est compl\u00e9mentaire \u00e0 la kin\u00e9sith\u00e9rapie.<\/p><\/div>\n\t\t\t\t<\/div>\n\t\t\t\t\t\t\t<div class=\"elementor-toggle-item\">\n\t\t\t\t\t<div id=\"elementor-tab-title-1385\" class=\"elementor-tab-title\" data-tab=\"5\" role=\"tab\" aria-controls=\"elementor-tab-content-1385\">\n\t\t\t\t\t\t\t\t\t\t\t\t<span class=\"elementor-toggle-icon elementor-toggle-icon-right\" aria-hidden=\"true\">\n\t\t\t\t\t\t\t\t\t\t\t\t\t\t\t<span class=\"elementor-toggle-icon-closed\"><i class=\"fas fa-caret-right\"><\/i><\/span>\n\t\t\t\t\t\t\t\t<span class=\"elementor-toggle-icon-opened\"><i class=\"elementor-toggle-icon-opened fas fa-caret-up\"><\/i><\/span>\n\t\t\t\t\t\t\t\t\t\t\t\t\t<\/span>\n\t\t\t\t\t\t\t\t\t\t\t\t<a href=\"\" class=\"elementor-toggle-title\">Diff\u00e9rence chiro ost\u00e9o<\/a>\n\t\t\t\t\t<\/div>\n\t\t\t\t\t<div id=\"elementor-tab-content-1385\" class=\"elementor-tab-content elementor-clearfix\" data-tab=\"5\" role=\"tabpanel\" aria-labelledby=\"elementor-tab-title-1385\"><p>Il y a 125 ans, les deux fondateurs des techniques sont partis d&rsquo;un paradigme bien diff\u00e9rent. Palmer, fondateur de la chiropratique travaillait exclusivement \u00e0 r\u00e9tablir le bon fonctionnement du syst\u00e8me nerveux \u00e0 travers la colonne vert\u00e9brale alors que Still, fondateur de l&rsquo;ost\u00e9opathie, se basait surtout sur les fluides (syst\u00e8me vasculaire et lymphatique).<\/p>\n<p>Aujourd&rsquo;hui, du point de vue l\u00e9gal, le chiropracteur est habilit\u00e9 \u00e0 poser un diagnostic. Apr\u00e8s 6 ans d&rsquo;\u00e9tudes et des connaissances approfondies en s\u00e9miologie m\u00e9dicale, votre chiropracteur est capable de reconnaitre une pathologie n\u00e9cessitant des examens compl\u00e9mentaires ou un traitement m\u00e9dical.&nbsp;<\/p>\n<p>De plus le titre de chiropracteur est reconnu partout dans le monde car sa formation est uniforme et r\u00e9glement\u00e9e, ce qui n&rsquo;est pas le cas de l&rsquo;ost\u00e9opathie, dont le titre est reconnu en France uniquement car les formations ne sont pas homog\u00e8nes.&nbsp;<\/p>\n<p>Enfin, chez Summum Chiropratique, vous ne nous entendrez JAMAIS parler de manipulations, car nous honorons le principe que la sant\u00e9 provient de l&rsquo;int\u00e9rieur. C&rsquo;est pour cela que nous ajustons les personnes, en respectant l&rsquo;art, la philosophie et la science chiropratique.&nbsp;<\/p><\/div>\n\t\t\t\t<\/div>\n\t\t\t\t\t\t\t<div class=\"elementor-toggle-item\">\n\t\t\t\t\t<div id=\"elementor-tab-title-1386\" class=\"elementor-tab-title\" data-tab=\"6\" role=\"tab\" aria-controls=\"elementor-tab-content-1386\">\n\t\t\t\t\t\t\t\t\t\t\t\t<span class=\"elementor-toggle-icon elementor-toggle-icon-right\" aria-hidden=\"true\">\n\t\t\t\t\t\t\t\t\t\t\t\t\t\t\t<span class=\"elementor-toggle-icon-closed\"><i class=\"fas fa-caret-right\"><\/i><\/span>\n\t\t\t\t\t\t\t\t<span class=\"elementor-toggle-icon-opened\"><i class=\"elementor-toggle-icon-opened fas fa-caret-up\"><\/i><\/span>\n\t\t\t\t\t\t\t\t\t\t\t\t\t<\/span>\n\t\t\t\t\t\t\t\t\t\t\t\t<a href=\"\" class=\"elementor-toggle-title\">Est-ce que \u00e7a crack ?<\/a>\n\t\t\t\t\t<\/div>\n\t\t\t\t\t<div id=\"elementor-tab-content-1386\" class=\"elementor-tab-content elementor-clearfix\" data-tab=\"6\" role=\"tabpanel\" aria-labelledby=\"elementor-tab-title-1386\"><p>Chez Summum Chiropratique nous utilisons une large palette de techniques afin de nous adapter aux sensibilit\u00e9s de chacun. Notre priorit\u00e9 est de mettre notre patient au centre de la strat\u00e9gie th\u00e9rapeutique. Nous utilisons donc des techniques avec et sans crack. N\u2019h\u00e9sitez pas \u00e0 nous partager vos craintes si vous en avez.<\/p><\/div>\n\t\t\t\t<\/div>\n\t\t\t\t\t\t\t<div class=\"elementor-toggle-item\">\n\t\t\t\t\t<div id=\"elementor-tab-title-1387\" class=\"elementor-tab-title\" data-tab=\"7\" role=\"tab\" aria-controls=\"elementor-tab-content-1387\">\n\t\t\t\t\t\t\t\t\t\t\t\t<span class=\"elementor-toggle-icon elementor-toggle-icon-right\" aria-hidden=\"true\">\n\t\t\t\t\t\t\t\t\t\t\t\t\t\t\t<span class=\"elementor-toggle-icon-closed\"><i class=\"fas fa-caret-right\"><\/i><\/span>\n\t\t\t\t\t\t\t\t<span class=\"elementor-toggle-icon-opened\"><i class=\"elementor-toggle-icon-opened fas fa-caret-up\"><\/i><\/span>\n\t\t\t\t\t\t\t\t\t\t\t\t\t<\/span>\n\t\t\t\t\t\t\t\t\t\t\t\t<a href=\"\" class=\"elementor-toggle-title\">Est-ce que la chiropratique est s\u00e9curitaire ?<\/a>\n\t\t\t\t\t<\/div>\n\t\t\t\t\t<div id=\"elementor-tab-content-1387\" class=\"elementor-tab-content elementor-clearfix\" data-tab=\"7\" role=\"tabpanel\" aria-labelledby=\"elementor-tab-title-1387\"><p>Les \u00e9tudes soutiennent que la profession est peu accidentog\u00e8ne. Les manipulations sont plus s\u00fbres que la prise d&rsquo;anti inflammatoires non st\u00e9ro\u00efdiens ou autres d\u00e9riv\u00e9s morphiniques comme le soutient une publication du Lancet *<br \/><i>* Prevention and treatment of low back pain: evidence, challenges, and promising directions. Foster NE, Anema JR, Cherkin D, Chou R, Cohen SP, Gross DP, Ferreira PH, Fritz JM, Koes BW, Peul W, Turner JA, Maher CG; Lancet Low Back Pain Series Working Group. Lancet. 2018 Jun 9;391(10137):2368-2383. doi: 10.1016\/S0140 6736(18)30489-6. Epub 2018 Mar 21. Review.\u00a0PMID: 2957387<\/i><\/p><\/div>\n\t\t\t\t<\/div>\n\t\t\t\t\t\t\t<div class=\"elementor-toggle-item\">\n\t\t\t\t\t<div id=\"elementor-tab-title-1388\" class=\"elementor-tab-title\" data-tab=\"8\" role=\"tab\" aria-controls=\"elementor-tab-content-1388\">\n\t\t\t\t\t\t\t\t\t\t\t\t<span class=\"elementor-toggle-icon elementor-toggle-icon-right\" aria-hidden=\"true\">\n\t\t\t\t\t\t\t\t\t\t\t\t\t\t\t<span class=\"elementor-toggle-icon-closed\"><i class=\"fas fa-caret-right\"><\/i><\/span>\n\t\t\t\t\t\t\t\t<span class=\"elementor-toggle-icon-opened\"><i class=\"elementor-toggle-icon-opened fas fa-caret-up\"><\/i><\/span>\n\t\t\t\t\t\t\t\t\t\t\t\t\t<\/span>\n\t\t\t\t\t\t\t\t\t\t\t\t<a href=\"\" class=\"elementor-toggle-title\">Prix de nos consultations de chiropraxie \u00e0 Poitiers <\/a>\n\t\t\t\t\t<\/div>\n\t\t\t\t\t<div id=\"elementor-tab-content-1388\" class=\"elementor-tab-content elementor-clearfix\" data-tab=\"8\" role=\"tabpanel\" aria-labelledby=\"elementor-tab-title-1388\"><p>Notre <a href=\"https:\/\/summum-chiropratique.fr\/?page_id=91\" data-wplink-edit=\"true\">premi\u00e8re visite<\/a> comprenant un entretien + analyse compl\u00e8te du corps + traitement chiropratique : <strong>60\u20ac<\/strong><\/p><p>Deuxi\u00e8me visite : compte rendu + explication du plan de soins + traitement chiropratique : <strong>45 &#8211; 60 \u20ac<\/strong><\/p><p>Consultations de suivis: <strong>45 &#8211; 60\u20ac<\/strong><\/p><\/div>\n\t\t\t\t<\/div>\n\t\t\t\t\t<\/div>\n\t\t\t\t<\/div>\n\t\t\t\t<\/div>\n\t\t\t\t\t\t<\/div>\n\t\t\t\t\t<\/div>\n\t\t<\/div>\n\t\t\t\t\t\t\t\t<\/div>\n\t\t\t\t\t<\/div>\n\t\t<\/section>\n\t\t\t\t<section class=\"elementor-section elementor-top-section elementor-element elementor-element-3688abd elementor-section-boxed elementor-section-height-default elementor-section-height-default\" data-id=\"3688abd\" data-element_type=\"section\">\n\t\t\t\t\t\t<div class=\"elementor-container elementor-column-gap-default\">\n\t\t\t\t\t\t\t<div class=\"elementor-row\">\n\t\t\t\t\t<div class=\"elementor-column elementor-col-100 elementor-top-column elementor-element elementor-element-7900123\" data-id=\"7900123\" data-element_type=\"column\">\n\t\t\t<div class=\"elementor-column-wrap elementor-element-populated\">\n\t\t\t\t\t\t\t<div class=\"elementor-widget-wrap\">\n\t\t\t\t\t\t<div class=\"elementor-element elementor-element-5af1f02 elementor-widget elementor-widget-heading\" data-id=\"5af1f02\" data-element_type=\"widget\" data-widget_type=\"heading.default\">\n\t\t\t\t<div class=\"elementor-widget-container\">\n\t\t\t<h3 class=\"elementor-heading-title elementor-size-default\">On parle de nous : <\/h3>\t\t<\/div>\n\t\t\t\t<\/div>\n\t\t\t\t<div class=\"elementor-element elementor-element-271aae0 elementor-widget elementor-widget-text-editor\" data-id=\"271aae0\" data-element_type=\"widget\" data-widget_type=\"text-editor.default\">\n\t\t\t\t<div class=\"elementor-widget-container\">\n\t\t\t\t\t<div class=\"elementor-text-editor elementor-clearfix\"><ul>\n<li><a href=\"https:\/\/www.explorepoitiers.com\/post\/summum-un-nouveau-centre-chiropratique-%C3%A0-poitiers\">Explore Poitiers : Summum : un nouveau centre chiropratique \u00e0 Poitiers<\/a><\/li>\n<li><a href=\"https:\/\/www.explorepoitiers.com\/post\/j-ai-test%C3%A9-pour-vous-une-s%C3%A9ance-de-chiropraxie-chez-summum\">J&rsquo;ai test\u00e9 pour vous : une s\u00e9ance de chiropraxie<\/a><\/li>\n<li><a href=\"https:\/\/www.le7.info\/article\/15756-la-chiropraxie-reponse-naturelle#:~:text=au%20centre%20Summum%20au%2010,06%2072%2090%2033%2076.\">Le 7 \u00e0 Poitiers : La chiropraxie, r\u00e9ponse naturelle<\/a><\/li>\n<li><a href=\"https:\/\/rcf.fr\/actualite\/vincent-boige-chiropracteur\">RADIO RCF : Interview avec Vincent Boige, chiropracteur<\/a><\/li>\n<li><a href=\"https:\/\/likemotherlovedaughter.com\/2020\/12\/15\/transcender-le-cycle-feminin-avec-sarah-preterre\/\">Interview avec Sarah Preterre : Cycles f\u00e9minins et contraception naturelle<\/a><\/li>\n<\/ul><\/div>\n\t\t\t\t<\/div>\n\t\t\t\t<\/div>\n\t\t\t\t\t\t<\/div>\n\t\t\t\t\t<\/div>\n\t\t<\/div>\n\t\t\t\t\t\t\t\t<\/div>\n\t\t\t\t\t<\/div>\n\t\t<\/section>\n\t\t\t\t\t\t<\/div>\n\t\t\t\t\t\t<\/div>\n\t\t\t\t\t<\/div>\n\t\t","protected":false},"excerpt":{"rendered":"<p>FAQ Les questions que vous nous posez le plus Comment savoir si la chiropratique est faite pour moi ? Nous sommes conscient qu\u2019il existe aujourd\u2019hui un flou sur les diff\u00e9rentes professions de sant\u00e9, c\u2019est pour cela que nous serions ravie de vous r\u00e9server un temps par t\u00e9l\u00e9phone afin de r\u00e9pondre \u00e0 vos questions et comprendre [&hellip;]<\/p>\n","protected":false},"author":1,"featured_media":0,"parent":0,"menu_order":0,"comment_status":"closed","ping_status":"closed","template":"","meta":[],"yoast_head":"<!-- This site is optimized with the Yoast SEO plugin v15.6.2 - https:\/\/yoast.com\/wordpress\/plugins\/seo\/ -->\n<title>FAQ - Summum<\/title>\n<meta name=\"robots\" content=\"index, follow, max-snippet:-1, max-image-preview:large, max-video-preview:-1\" \/>\n<link rel=\"canonical\" href=\"https:\/\/summum-chiropratique.fr\/?page_id=226\" \/>\n<meta property=\"og:locale\" content=\"fr_FR\" \/>\n<meta property=\"og:type\" content=\"article\" \/>\n<meta property=\"og:title\" content=\"FAQ - Summum\" \/>\n<meta property=\"og:description\" content=\"FAQ Les questions que vous nous posez le plus Comment savoir si la chiropratique est faite pour moi ? Nous sommes conscient qu\u2019il existe aujourd\u2019hui un flou sur les diff\u00e9rentes professions de sant\u00e9, c\u2019est pour cela que nous serions ravie de vous r\u00e9server un temps par t\u00e9l\u00e9phone afin de r\u00e9pondre \u00e0 vos questions et comprendre [&hellip;]\" \/>\n<meta property=\"og:url\" content=\"https:\/\/summum-chiropratique.fr\/?page_id=226\" \/>\n<meta property=\"og:site_name\" content=\"Summum\" \/>\n<meta property=\"article:publisher\" content=\"https:\/\/www.facebook.com\/Summum-Chiropratique-Poitiers-100750315145475\" \/>\n<meta property=\"article:modified_time\" content=\"2023-11-29T11:43:30+00:00\" \/>\n<meta name=\"twitter:card\" content=\"summary_large_image\" \/>\n<meta name=\"twitter:label1\" content=\"Dur\u00e9e de lecture est.\">\n\t<meta name=\"twitter:data1\" content=\"4 minutes\">\n<script type=\"application\/ld+json\" class=\"yoast-schema-graph\">{\"@context\":\"https:\/\/schema.org\",\"@graph\":[{\"@type\":\"WebSite\",\"@id\":\"https:\/\/summum-chiropratique.fr\/#website\",\"url\":\"https:\/\/summum-chiropratique.fr\/\",\"name\":\"Summum-Chiropratique\",\"description\":\"Centre Chiropratique \\u00e0 Poitiers\",\"potentialAction\":[{\"@type\":\"SearchAction\",\"target\":\"https:\/\/summum-chiropratique.fr\/?s={search_term_string}\",\"query-input\":\"required name=search_term_string\"}],\"inLanguage\":\"fr-FR\"},{\"@type\":\"WebPage\",\"@id\":\"https:\/\/summum-chiropratique.fr\/?page_id=226#webpage\",\"url\":\"https:\/\/summum-chiropratique.fr\/?page_id=226\",\"name\":\"FAQ - Summum\",\"isPartOf\":{\"@id\":\"https:\/\/summum-chiropratique.fr\/#website\"},\"datePublished\":\"2020-10-05T14:16:33+00:00\",\"dateModified\":\"2023-11-29T11:43:30+00:00\",\"breadcrumb\":{\"@id\":\"https:\/\/summum-chiropratique.fr\/?page_id=226#breadcrumb\"},\"inLanguage\":\"fr-FR\",\"potentialAction\":[{\"@type\":\"ReadAction\",\"target\":[\"https:\/\/summum-chiropratique.fr\/?page_id=226\"]}]},{\"@type\":\"BreadcrumbList\",\"@id\":\"https:\/\/summum-chiropratique.fr\/?page_id=226#breadcrumb\",\"itemListElement\":[{\"@type\":\"ListItem\",\"position\":1,\"item\":{\"@type\":\"WebPage\",\"@id\":\"https:\/\/summum-chiropratique.fr\/\",\"url\":\"https:\/\/summum-chiropratique.fr\/\",\"name\":\"Accueil\"}},{\"@type\":\"ListItem\",\"position\":2,\"item\":{\"@type\":\"WebPage\",\"@id\":\"https:\/\/summum-chiropratique.fr\/?page_id=226\",\"url\":\"https:\/\/summum-chiropratique.fr\/?page_id=226\",\"name\":\"FAQ\"}}]}]}<\/script>\n<!-- \/ Yoast SEO plugin. -->","_links":{"self":[{"href":"https:\/\/summum-chiropratique.fr\/index.php?rest_route=\/wp\/v2\/pages\/226"}],"collection":[{"href":"https:\/\/summum-chiropratique.fr\/index.php?rest_route=\/wp\/v2\/pages"}],"about":[{"href":"https:\/\/summum-chiropratique.fr\/index.php?rest_route=\/wp\/v2\/types\/page"}],"author":[{"embeddable":true,"href":"https:\/\/summum-chiropratique.fr\/index.php?rest_route=\/wp\/v2\/users\/1"}],"replies":[{"embeddable":true,"href":"https:\/\/summum-chiropratique.fr\/index.php?rest_route=%2Fwp%2Fv2%2Fcomments&post=226"}],"version-history":[{"count":34,"href":"https:\/\/summum-chiropratique.fr\/index.php?rest_route=\/wp\/v2\/pages\/226\/revisions"}],"predecessor-version":[{"id":1286,"href":"https:\/\/summum-chiropratique.fr\/index.php?rest_route=\/wp\/v2\/pages\/226\/revisions\/1286"}],"wp:attachment":[{"href":"https:\/\/summum-chiropratique.fr\/index.php?rest_route=%2Fwp%2Fv2%2Fmedia&parent=226"}],"curies":[{"name":"wp","href":"https:\/\/api.w.org\/{rel}","templated":true}]}}