{"id":1117,"date":"2022-07-16T16:35:00","date_gmt":"2022-07-16T14:35:00","guid":{"rendered":"https:\/\/summum-chiropratique.fr\/?page_id=1117"},"modified":"2022-07-25T22:56:41","modified_gmt":"2022-07-25T20:56:41","slug":"elementor-1117","status":"publish","type":"page","link":"https:\/\/summum-chiropratique.fr\/?page_id=1117","title":{"rendered":"E-Books"},"content":{"rendered":"\t\t<div data-elementor-type=\"wp-page\" data-elementor-id=\"1117\" class=\"elementor elementor-1117\" data-elementor-settings=\"[]\">\n\t\t\t\t\t\t<div class=\"elementor-inner\">\n\t\t\t\t\t\t\t<div class=\"elementor-section-wrap\">\n\t\t\t\t\t\t\t<section class=\"elementor-section elementor-top-section elementor-element elementor-element-0d3d984 elementor-section-stretched elementor-section-boxed elementor-section-height-default elementor-section-height-default\" data-id=\"0d3d984\" data-element_type=\"section\" data-settings=\"{&quot;stretch_section&quot;:&quot;section-stretched&quot;}\">\n\t\t\t\t\t\t<div class=\"elementor-container elementor-column-gap-default\">\n\t\t\t\t\t\t\t<div class=\"elementor-row\">\n\t\t\t\t\t<div class=\"elementor-column elementor-col-100 elementor-top-column elementor-element elementor-element-c175165\" data-id=\"c175165\" data-element_type=\"column\">\n\t\t\t<div class=\"elementor-column-wrap elementor-element-populated\">\n\t\t\t\t\t\t\t<div class=\"elementor-widget-wrap\">\n\t\t\t\t\t\t<div class=\"elementor-element elementor-element-79c58b6 elementor-widget elementor-widget-heading\" data-id=\"79c58b6\" data-element_type=\"widget\" data-widget_type=\"heading.default\">\n\t\t\t\t<div class=\"elementor-widget-container\">\n\t\t\t<h5 class=\"elementor-heading-title elementor-size-medium\">Accompagner les personnes que nous servons \u00e0 avoir une meilleure connaissance de leur corps et savoir comment r\u00e9pondre aux besoins fondamentaux de son corps de fa\u00e7on naturel et efficace est au coeur de nos priorit\u00e9s. C'est pour cela que nous avons \u00e9cris ces 3 E-Books.<\/h5>\t\t<\/div>\n\t\t\t\t<\/div>\n\t\t\t\t<div class=\"elementor-element elementor-element-dea45e5 elementor-widget elementor-widget-spacer\" data-id=\"dea45e5\" data-element_type=\"widget\" data-widget_type=\"spacer.default\">\n\t\t\t\t<div class=\"elementor-widget-container\">\n\t\t\t\t\t<div class=\"elementor-spacer\">\n\t\t\t<div class=\"elementor-spacer-inner\"><\/div>\n\t\t<\/div>\n\t\t\t\t<\/div>\n\t\t\t\t<\/div>\n\t\t\t\t\t\t<\/div>\n\t\t\t\t\t<\/div>\n\t\t<\/div>\n\t\t\t\t\t\t\t\t<\/div>\n\t\t\t\t\t<\/div>\n\t\t<\/section>\n\t\t\t\t<section class=\"elementor-section elementor-top-section elementor-element elementor-element-3cd62f6 elementor-section-height-min-height elementor-section-items-stretch elementor-section-content-bottom elementor-reverse-tablet elementor-section-stretched elementor-section-boxed elementor-section-height-default\" data-id=\"3cd62f6\" data-element_type=\"section\" data-settings=\"{&quot;background_background&quot;:&quot;classic&quot;,&quot;stretch_section&quot;:&quot;section-stretched&quot;}\">\n\t\t\t\t\t\t<div class=\"elementor-container elementor-column-gap-no\">\n\t\t\t\t\t\t\t<div class=\"elementor-row\">\n\t\t\t\t\t<div class=\"elementor-column elementor-col-50 elementor-top-column elementor-element elementor-element-646acd57\" data-id=\"646acd57\" data-element_type=\"column\">\n\t\t\t<div class=\"elementor-column-wrap\">\n\t\t\t\t\t\t\t<div class=\"elementor-widget-wrap\">\n\t\t\t\t\t\t\t\t<\/div>\n\t\t\t\t\t<\/div>\n\t\t<\/div>\n\t\t\t\t<div class=\"elementor-column elementor-col-50 elementor-top-column elementor-element elementor-element-43d7d602\" data-id=\"43d7d602\" data-element_type=\"column\" data-settings=\"{&quot;background_background&quot;:&quot;classic&quot;}\">\n\t\t\t<div class=\"elementor-column-wrap elementor-element-populated\">\n\t\t\t\t\t\t\t<div class=\"elementor-widget-wrap\">\n\t\t\t\t\t\t<div class=\"elementor-element elementor-element-4097dfe6 elementor-invisible elementor-widget elementor-widget-heading\" data-id=\"4097dfe6\" data-element_type=\"widget\" data-settings=\"{&quot;_animation&quot;:&quot;fadeInUp&quot;,&quot;_animation_delay&quot;:200}\" data-widget_type=\"heading.default\">\n\t\t\t\t<div class=\"elementor-widget-container\">\n\t\t\t<h1 class=\"elementor-heading-title elementor-size-default\">Cycles sains, contraception naturelle et fertilit\u00e9<\/h1>\t\t<\/div>\n\t\t\t\t<\/div>\n\t\t\t\t<div class=\"elementor-element elementor-element-10aaa55a elementor-invisible elementor-widget elementor-widget-text-editor\" data-id=\"10aaa55a\" data-element_type=\"widget\" data-settings=\"{&quot;_animation&quot;:&quot;fadeInUp&quot;,&quot;_animation_delay&quot;:400}\" data-widget_type=\"text-editor.default\">\n\t\t\t\t<div class=\"elementor-widget-container\">\n\t\t\t\t\t<div class=\"elementor-text-editor elementor-clearfix\"><p><strong>Vous souhaitez mieux conna\u00eetre votre physiologie, retrouver des cycles r\u00e9guliers, comprendre les signaux de votre corps, booster votre fertilit\u00e9, vivre une vie sexuelle \u00e9panouie, r\u00e9aliser vos r\u00eaves en tant que femme, libre, puissante et cr\u00e9ative.<\/strong><\/p><p><strong>Alors cet E-book est fait pour vous !<\/strong><\/p><\/div>\n\t\t\t\t<\/div>\n\t\t\t\t<\/div>\n\t\t\t\t<div class=\"elementor-element elementor-element-648ba4b9 elementor-widget__width-initial elementor-widget-tablet__width-inherit elementor-widget-mobile__width-inherit elementor-absolute elementor-widget elementor-widget-spacer\" data-id=\"648ba4b9\" data-element_type=\"widget\" data-settings=\"{&quot;_position&quot;:&quot;absolute&quot;}\" data-widget_type=\"spacer.default\">\n\t\t\t\t<div class=\"elementor-widget-container\">\n\t\t\t\t\t<div class=\"elementor-spacer\">\n\t\t\t<div class=\"elementor-spacer-inner\"><\/div>\n\t\t<\/div>\n\t\t\t\t<\/div>\n\t\t\t\t<\/div>\n\t\t\t\t\t\t<\/div>\n\t\t\t\t\t<\/div>\n\t\t<\/div>\n\t\t\t\t\t\t\t\t<\/div>\n\t\t\t\t\t<\/div>\n\t\t<\/section>\n\t\t\t\t<section class=\"elementor-section elementor-top-section elementor-element elementor-element-30310353 elementor-section-height-min-height elementor-section-items-stretch elementor-section-content-bottom elementor-section-stretched elementor-section-boxed elementor-section-height-default\" data-id=\"30310353\" data-element_type=\"section\" data-settings=\"{&quot;background_background&quot;:&quot;classic&quot;,&quot;stretch_section&quot;:&quot;section-stretched&quot;}\">\n\t\t\t\t\t\t<div class=\"elementor-container elementor-column-gap-no\">\n\t\t\t\t\t\t\t<div class=\"elementor-row\">\n\t\t\t\t\t<div class=\"elementor-column elementor-col-50 elementor-top-column elementor-element elementor-element-587d673c\" data-id=\"587d673c\" data-element_type=\"column\" data-settings=\"{&quot;background_background&quot;:&quot;classic&quot;}\">\n\t\t\t<div class=\"elementor-column-wrap elementor-element-populated\">\n\t\t\t\t\t\t\t<div class=\"elementor-widget-wrap\">\n\t\t\t\t\t\t<div class=\"elementor-element elementor-element-270c10f5 elementor-position-top elementor-vertical-align-top elementor-invisible elementor-widget elementor-widget-image-box\" data-id=\"270c10f5\" data-element_type=\"widget\" data-settings=\"{&quot;_animation&quot;:&quot;fadeIn&quot;,&quot;_animation_delay&quot;:400}\" data-widget_type=\"image-box.default\">\n\t\t\t\t<div class=\"elementor-widget-container\">\n\t\t\t<div class=\"elementor-image-box-wrapper\"><div class=\"elementor-image-box-content\"><h3 class=\"elementor-image-box-title\">4 jours detox<\/h3><p class=\"elementor-image-box-description\">Afin de maximiser les ajustements chiropratiques et continuer \u00e0 aller vers plus de sant\u00e9, plus d\u2019\u00e9nergie et plus de vitalit\u00e9, le centre Summum Chiropratique a cr\u00e9\u00e9 son programme de 4 jours pour travailler sur 2 parties du triangle de la sant\u00e9 : votre syst\u00e8me bio-chimique et votre syst\u00e8me \u00e9motionnel. \n\nChaque jour, nous vous proposons de vous concentrer sur 4 choses :\n\n- Quoi manger\n- Comment dig\u00e9rer et am\u00e9liorer vos moments de repas\n- arriver \u00e0 prosp\u00e9rer dans votre transformation \n- Faire table rase afin de laisser partir le pass\u00e9 et accueillir la nouveaut\u00e9 \u00e0 la fois dans votre environnement ext\u00e9rieur et dans votre corps. <\/p><\/div><\/div>\t\t<\/div>\n\t\t\t\t<\/div>\n\t\t\t\t<div class=\"elementor-element elementor-element-c08320c elementor-widget__width-initial elementor-widget-tablet__width-inherit elementor-widget-mobile__width-inherit elementor-absolute elementor-widget elementor-widget-spacer\" data-id=\"c08320c\" data-element_type=\"widget\" data-settings=\"{&quot;_position&quot;:&quot;absolute&quot;}\" data-widget_type=\"spacer.default\">\n\t\t\t\t<div class=\"elementor-widget-container\">\n\t\t\t\t\t<div class=\"elementor-spacer\">\n\t\t\t<div class=\"elementor-spacer-inner\"><\/div>\n\t\t<\/div>\n\t\t\t\t<\/div>\n\t\t\t\t<\/div>\n\t\t\t\t\t\t<\/div>\n\t\t\t\t\t<\/div>\n\t\t<\/div>\n\t\t\t\t<div class=\"elementor-column elementor-col-50 elementor-top-column elementor-element elementor-element-3d65082\" data-id=\"3d65082\" data-element_type=\"column\">\n\t\t\t<div class=\"elementor-column-wrap\">\n\t\t\t\t\t\t\t<div class=\"elementor-widget-wrap\">\n\t\t\t\t\t\t\t\t<\/div>\n\t\t\t\t\t<\/div>\n\t\t<\/div>\n\t\t\t\t\t\t\t\t<\/div>\n\t\t\t\t\t<\/div>\n\t\t<\/section>\n\t\t\t\t<section class=\"elementor-section elementor-top-section elementor-element elementor-element-297cb79e elementor-section-full_width elementor-section-height-min-height elementor-section-items-stretch elementor-section-content-middle elementor-section-stretched elementor-section-height-default\" data-id=\"297cb79e\" data-element_type=\"section\" data-settings=\"{&quot;stretch_section&quot;:&quot;section-stretched&quot;}\">\n\t\t\t\t\t\t<div class=\"elementor-container elementor-column-gap-no\">\n\t\t\t\t\t\t\t<div class=\"elementor-row\">\n\t\t\t\t\t<div class=\"elementor-column elementor-col-100 elementor-top-column elementor-element elementor-element-2babfddc\" data-id=\"2babfddc\" data-element_type=\"column\">\n\t\t\t<div class=\"elementor-column-wrap elementor-element-populated\">\n\t\t\t\t\t\t\t<div class=\"elementor-widget-wrap\">\n\t\t\t\t\t\t<div class=\"elementor-element elementor-element-fe8fa59 elementor-widget__width-auto elementor-absolute elementor-invisible elementor-widget elementor-widget-image\" data-id=\"fe8fa59\" data-element_type=\"widget\" data-settings=\"{&quot;_animation&quot;:&quot;slideInLeft&quot;,&quot;_position&quot;:&quot;absolute&quot;}\" data-widget_type=\"image.default\">\n\t\t\t\t<div class=\"elementor-widget-container\">\n\t\t\t\t\t<div class=\"elementor-image\">\n\t\t\t\t\t\t\t\t\t\t<img width=\"640\" height=\"905\" src=\"https:\/\/summum-chiropratique.fr\/wp-content\/uploads\/2022\/07\/E-book-Maternite-724x1024.png\" class=\"attachment-large size-large\" alt=\"\" loading=\"lazy\" srcset=\"https:\/\/summum-chiropratique.fr\/wp-content\/uploads\/2022\/07\/E-book-Maternite-724x1024.png 724w, https:\/\/summum-chiropratique.fr\/wp-content\/uploads\/2022\/07\/E-book-Maternite-212x300.png 212w, https:\/\/summum-chiropratique.fr\/wp-content\/uploads\/2022\/07\/E-book-Maternite-768x1086.png 768w, https:\/\/summum-chiropratique.fr\/wp-content\/uploads\/2022\/07\/E-book-Maternite-1086x1536.png 1086w, https:\/\/summum-chiropratique.fr\/wp-content\/uploads\/2022\/07\/E-book-Maternite.png 1414w\" sizes=\"(max-width: 34.9rem) calc(100vw - 2rem), (max-width: 53rem) calc(8 * (100vw \/ 12)), (min-width: 53rem) calc(6 * (100vw \/ 12)), 100vw\" \/>\t\t\t\t\t\t\t\t\t\t\t<\/div>\n\t\t\t\t<\/div>\n\t\t\t\t<\/div>\n\t\t\t\t<section class=\"elementor-section elementor-inner-section elementor-element elementor-element-7cd29d15 elementor-section-height-min-height elementor-section-content-middle elementor-section-boxed elementor-section-height-default\" data-id=\"7cd29d15\" data-element_type=\"section\" data-settings=\"{&quot;background_background&quot;:&quot;classic&quot;}\">\n\t\t\t\t\t\t<div class=\"elementor-container elementor-column-gap-no\">\n\t\t\t\t\t\t\t<div class=\"elementor-row\">\n\t\t\t\t\t<div class=\"elementor-column elementor-col-100 elementor-inner-column elementor-element elementor-element-34253108\" data-id=\"34253108\" data-element_type=\"column\">\n\t\t\t<div class=\"elementor-column-wrap elementor-element-populated\">\n\t\t\t\t\t\t\t<div class=\"elementor-widget-wrap\">\n\t\t\t\t\t\t<div class=\"elementor-element elementor-element-6a4be177 elementor-invisible elementor-widget elementor-widget-heading\" data-id=\"6a4be177\" data-element_type=\"widget\" data-settings=\"{&quot;_animation&quot;:&quot;fadeIn&quot;}\" data-widget_type=\"heading.default\">\n\t\t\t\t<div class=\"elementor-widget-container\">\n\t\t\t<h2 class=\"elementor-heading-title elementor-size-default\">Donner la vie<\/h2>\t\t<\/div>\n\t\t\t\t<\/div>\n\t\t\t\t<div class=\"elementor-element elementor-element-4eb6c8de elementor-invisible elementor-widget elementor-widget-text-editor\" data-id=\"4eb6c8de\" data-element_type=\"widget\" data-settings=\"{&quot;_animation&quot;:&quot;fadeIn&quot;,&quot;_animation_delay&quot;:200}\" data-widget_type=\"text-editor.default\">\n\t\t\t\t<div class=\"elementor-widget-container\">\n\t\t\t\t\t<div class=\"elementor-text-editor elementor-clearfix\"><p>De toute \u00e9vidence, mon premier enfant allait naitre \u00e0 la maison. Depuis toujours j&rsquo;avais cette envie en moi. Alors lorsque nous avons su que nous attendions un enfant, nous nous sommes plong\u00e9s, Vincent et moi, dans le monde de la physiologie des naissances. Si vous souhaitez vivre votre grossesse dans le plus grand des conforts, pr\u00e9parer votre accouchement de fa\u00e7on naturel, inclure votre partenaire dans la naissance de votre b\u00e9b\u00e9 et mettre tout en oeuvre pour un post partum optimal, ce E-book est fait pour vous.\u00a0<\/p><\/div>\n\t\t\t\t<\/div>\n\t\t\t\t<\/div>\n\t\t\t\t\t\t<\/div>\n\t\t\t\t\t<\/div>\n\t\t<\/div>\n\t\t\t\t\t\t\t\t<\/div>\n\t\t\t\t\t<\/div>\n\t\t<\/section>\n\t\t\t\t\t\t<\/div>\n\t\t\t\t\t<\/div>\n\t\t<\/div>\n\t\t\t\t\t\t\t\t<\/div>\n\t\t\t\t\t<\/div>\n\t\t<\/section>\n\t\t\t\t\t\t<\/div>\n\t\t\t\t\t\t<\/div>\n\t\t\t\t\t<\/div>\n\t\t","protected":false},"excerpt":{"rendered":"<p>Accompagner les personnes que nous servons \u00e0 avoir une meilleure connaissance de leur corps et savoir comment r\u00e9pondre aux besoins fondamentaux de son corps de fa\u00e7on naturel et efficace est au coeur de nos priorit\u00e9s. C&rsquo;est pour cela que nous avons \u00e9cris ces 3 E-Books. Cycles sains, contraception naturelle et fertilit\u00e9 Vous souhaitez mieux conna\u00eetre [&hellip;]<\/p>\n","protected":false},"author":1,"featured_media":0,"parent":0,"menu_order":0,"comment_status":"closed","ping_status":"closed","template":"","meta":[],"yoast_head":"<!-- This site is optimized with the Yoast SEO plugin v15.6.2 - https:\/\/yoast.com\/wordpress\/plugins\/seo\/ -->\n<title>E-Books - Summum<\/title>\n<meta name=\"robots\" content=\"index, follow, max-snippet:-1, max-image-preview:large, max-video-preview:-1\" \/>\n<link rel=\"canonical\" href=\"https:\/\/summum-chiropratique.fr\/?page_id=1117\" \/>\n<meta property=\"og:locale\" content=\"fr_FR\" \/>\n<meta property=\"og:type\" content=\"article\" \/>\n<meta property=\"og:title\" content=\"E-Books - Summum\" \/>\n<meta property=\"og:description\" content=\"Accompagner les personnes que nous servons \u00e0 avoir une meilleure connaissance de leur corps et savoir comment r\u00e9pondre aux besoins fondamentaux de son corps de fa\u00e7on naturel et efficace est au coeur de nos priorit\u00e9s. C&rsquo;est pour cela que nous avons \u00e9cris ces 3 E-Books. Cycles sains, contraception naturelle et fertilit\u00e9 Vous souhaitez mieux conna\u00eetre [&hellip;]\" \/>\n<meta property=\"og:url\" content=\"https:\/\/summum-chiropratique.fr\/?page_id=1117\" \/>\n<meta property=\"og:site_name\" content=\"Summum\" \/>\n<meta property=\"article:publisher\" content=\"https:\/\/www.facebook.com\/Summum-Chiropratique-Poitiers-100750315145475\" \/>\n<meta property=\"article:modified_time\" content=\"2022-07-25T20:56:41+00:00\" \/>\n<meta property=\"og:image\" content=\"https:\/\/summum-chiropratique.fr\/wp-content\/uploads\/2022\/07\/E-book-Maternite-724x1024.png\" \/>\n<meta name=\"twitter:card\" content=\"summary_large_image\" \/>\n<meta name=\"twitter:label1\" content=\"Dur\u00e9e de lecture est.\">\n\t<meta name=\"twitter:data1\" content=\"2 minutes\">\n<script type=\"application\/ld+json\" class=\"yoast-schema-graph\">{\"@context\":\"https:\/\/schema.org\",\"@graph\":[{\"@type\":\"WebSite\",\"@id\":\"https:\/\/summum-chiropratique.fr\/#website\",\"url\":\"https:\/\/summum-chiropratique.fr\/\",\"name\":\"Summum-Chiropratique\",\"description\":\"Centre Chiropratique \\u00e0 Poitiers\",\"potentialAction\":[{\"@type\":\"SearchAction\",\"target\":\"https:\/\/summum-chiropratique.fr\/?s={search_term_string}\",\"query-input\":\"required name=search_term_string\"}],\"inLanguage\":\"fr-FR\"},{\"@type\":\"ImageObject\",\"@id\":\"https:\/\/summum-chiropratique.fr\/?page_id=1117#primaryimage\",\"inLanguage\":\"fr-FR\",\"url\":\"https:\/\/summum-chiropratique.fr\/wp-content\/uploads\/2022\/07\/E-book-Maternite.png\",\"width\":1414,\"height\":2000},{\"@type\":\"WebPage\",\"@id\":\"https:\/\/summum-chiropratique.fr\/?page_id=1117#webpage\",\"url\":\"https:\/\/summum-chiropratique.fr\/?page_id=1117\",\"name\":\"E-Books - Summum\",\"isPartOf\":{\"@id\":\"https:\/\/summum-chiropratique.fr\/#website\"},\"primaryImageOfPage\":{\"@id\":\"https:\/\/summum-chiropratique.fr\/?page_id=1117#primaryimage\"},\"datePublished\":\"2022-07-16T14:35:00+00:00\",\"dateModified\":\"2022-07-25T20:56:41+00:00\",\"breadcrumb\":{\"@id\":\"https:\/\/summum-chiropratique.fr\/?page_id=1117#breadcrumb\"},\"inLanguage\":\"fr-FR\",\"potentialAction\":[{\"@type\":\"ReadAction\",\"target\":[\"https:\/\/summum-chiropratique.fr\/?page_id=1117\"]}]},{\"@type\":\"BreadcrumbList\",\"@id\":\"https:\/\/summum-chiropratique.fr\/?page_id=1117#breadcrumb\",\"itemListElement\":[{\"@type\":\"ListItem\",\"position\":1,\"item\":{\"@type\":\"WebPage\",\"@id\":\"https:\/\/summum-chiropratique.fr\/\",\"url\":\"https:\/\/summum-chiropratique.fr\/\",\"name\":\"Accueil\"}},{\"@type\":\"ListItem\",\"position\":2,\"item\":{\"@type\":\"WebPage\",\"@id\":\"https:\/\/summum-chiropratique.fr\/?page_id=1117\",\"url\":\"https:\/\/summum-chiropratique.fr\/?page_id=1117\",\"name\":\"E-Books\"}}]}]}<\/script>\n<!-- \/ Yoast SEO plugin. -->","_links":{"self":[{"href":"https:\/\/summum-chiropratique.fr\/index.php?rest_route=\/wp\/v2\/pages\/1117"}],"collection":[{"href":"https:\/\/summum-chiropratique.fr\/index.php?rest_route=\/wp\/v2\/pages"}],"about":[{"href":"https:\/\/summum-chiropratique.fr\/index.php?rest_route=\/wp\/v2\/types\/page"}],"author":[{"embeddable":true,"href":"https:\/\/summum-chiropratique.fr\/index.php?rest_route=\/wp\/v2\/users\/1"}],"replies":[{"embeddable":true,"href":"https:\/\/summum-chiropratique.fr\/index.php?rest_route=%2Fwp%2Fv2%2Fcomments&post=1117"}],"version-history":[{"count":12,"href":"https:\/\/summum-chiropratique.fr\/index.php?rest_route=\/wp\/v2\/pages\/1117\/revisions"}],"predecessor-version":[{"id":1154,"href":"https:\/\/summum-chiropratique.fr\/index.php?rest_route=\/wp\/v2\/pages\/1117\/revisions\/1154"}],"wp:attachment":[{"href":"https:\/\/summum-chiropratique.fr\/index.php?rest_route=%2Fwp%2Fv2%2Fmedia&parent=1117"}],"curies":[{"name":"wp","href":"https:\/\/api.w.org\/{rel}","templated":true}]}}